{"id":4825,"date":"2024-07-29T10:32:55","date_gmt":"2024-07-29T10:32:55","guid":{"rendered":"https:\/\/andevex.com\/paradis\/?post_type=product&#038;p=4825"},"modified":"2024-08-03T13:14:08","modified_gmt":"2024-08-03T13:14:08","slug":"natalia","status":"publish","type":"product","link":"https:\/\/andevex.com\/paradis\/dame\/natalia\/","title":{"rendered":"Natalia"},"content":{"rendered":"","protected":false},"excerpt":{"rendered":"<p>Natalia Walk\u00fcre<\/p>\n<p>WO TANTRA TRIFFT BDSM<\/p>\n<p>Ich bin sehr offen, dies spiegelt sich auch in meinem Lifstyle wieder. Ich probiere gerne neues aus und bin leidenschaftlich.<\/p>\n<p>Mit mir kann man Spa\u00df haben! Ich bin sehr gepflegt, kultiviert und mag es sehr zu verw\u00f6hnen und nat\u00fcrlich verw\u00f6hnt zu werden. Ich bin ein sehr sinnlicher Typ Frau, die es anmacht, wenn alle meine Sinne angeregt werden. Gef\u00fchl, Geschmack und Geruch liebe ich. Mein erotisches Spiel sollte meine Sinne anregen und mich komplett teasen und in Fahrt bringen!! Es ist eine wundervolle KUNST DER EXPRESSION&#8230;<\/p>\n<p>Das Leben ist oft ernst genug. Ist Zeit f\u00fcr ein Sp\u00e4sschen zu finden. Da ich sehr neugierig bin, liebe ich es herauszufinden was hinter diesem gestandenen Mann steckt&#8230;<\/p>\n<p>Dank langj\u00e4hriger Praxis in Kundalini- und taoistischen Sexualpraktiken wei\u00df ich, wie Sie die Kontrolle \u00fcber Ihre Energie erlangen und die Ejakulation verhindern k\u00f6nnen. Dies erh\u00e4lt die Gesundheit und f\u00fchrt zu Langlebigkeit, verl\u00e4ngert den Geschlechtsverkehr erheblich und erh\u00f6ht die Freude am Sex. Die taoistische Liebeskunst ist eine Tradition, die seit f\u00fcnftausend Jahren besteht und die Geheimnisse des m\u00e4nnlichen und weiblichen Orgasmus kennt. Ungew\u00f6hnliche Sexpraktiken (gew\u00f6hnliche auch) Unterschiedliche sexuelle Vorlieben&#8230; Bl\u00fcmchensex oder bizarre Praktiken mit NIVEAU.<\/p>\n<p>Reflexzonenmassage;<\/p>\n<p>Tantrische Massage mit Feinmassage;<\/p>\n<p>Gegenseitige Relaxmassage;<\/p>\n<p>Intensive Body to Body-Massage;<\/p>\n<p>Fusserotik, Fussfetsich;<\/p>\n<p>Hodenmassage;<\/p>\n<p>Lingammassage;<\/p>\n<p>Griechische Massage (diese Massageform ist schon sehr alt und erfordert neben Wissen und K\u00f6nnen sowie Leidenschaft)<\/p>\n<p>Analmassage, Prostatamassage<\/p>\n<p>Sexy Dessous, elegante Outfits, Satin, Nylonstr\u00fcmpfe, Leder, Reizw\u00e4sche, Strapse, Business Outfits, High Heels Trampling &#8230;Und viel mehr&#8230;<\/p>\n<p>Varianten von SM-Spiele mit unterschiedlichen Methoden (und Spielzeugen):<\/p>\n<p>Versklavung Partners durch sexuelle Kontrolle;<\/p>\n<p>Erzwungene Feminisierung;<\/p>\n<p>Cuckolding;<\/p>\n<p>Andere erotische Dem\u00fctigungen;<\/p>\n<p>Z\u00fcchtigungen;<\/p>\n<p>Genitalfolter;<\/p>\n<p>Queening;<\/p>\n<p>Pegging;<\/p>\n<p>Trampling;<\/p>\n<p>Nicht-k\u00f6rperliche Bestrafungen;<\/p>\n<p>Fesselungen;<\/p>\n<p>Tanken Sie neue Energie&#8230;&#8230;<\/p>\n<p>&nbsp;<\/p>\n","protected":false},"featured_media":4818,"comment_status":"open","ping_status":"closed","template":"","meta":{"_acf_changed":false},"product_cat":[84],"product_tag":[],"genre":[196],"class_list":{"0":"post-4825","1":"product","2":"type-product","3":"status-publish","4":"has-post-thumbnail","6":"product_cat-bald-im-haus","7":"product_brand-dsgvo-liegt-vor","9":"first","10":"instock","11":"shipping-taxable","12":"product-type-simple"},"acf":[],"_links":{"self":[{"href":"https:\/\/andevex.com\/paradis\/wp-json\/wp\/v2\/product\/4825","targetHints":{"allow":["GET"]}}],"collection":[{"href":"https:\/\/andevex.com\/paradis\/wp-json\/wp\/v2\/product"}],"about":[{"href":"https:\/\/andevex.com\/paradis\/wp-json\/wp\/v2\/types\/product"}],"replies":[{"embeddable":true,"href":"https:\/\/andevex.com\/paradis\/wp-json\/wp\/v2\/comments?post=4825"}],"wp:featuredmedia":[{"embeddable":true,"href":"https:\/\/andevex.com\/paradis\/wp-json\/wp\/v2\/media\/4818"}],"wp:attachment":[{"href":"https:\/\/andevex.com\/paradis\/wp-json\/wp\/v2\/media?parent=4825"}],"wp:term":[{"taxonomy":"product_cat","embeddable":true,"href":"https:\/\/andevex.com\/paradis\/wp-json\/wp\/v2\/product_cat?post=4825"},{"taxonomy":"product_tag","embeddable":true,"href":"https:\/\/andevex.com\/paradis\/wp-json\/wp\/v2\/product_tag?post=4825"},{"taxonomy":"product_brand","embeddable":true,"href":"https:\/\/andevex.com\/paradis\/wp-json\/wp\/v2\/genre?post=4825"}],"curies":[{"name":"wp","href":"https:\/\/api.w.org\/{rel}","templated":true}]}}